{"id":9248,"date":"2025-10-03T20:59:10","date_gmt":"2025-10-03T20:59:10","guid":{"rendered":"https:\/\/admarscr.pt\/news\/"},"modified":"2025-10-03T22:11:51","modified_gmt":"2025-10-03T22:11:51","slug":"news","status":"publish","type":"page","link":"https:\/\/admarscr.pt\/en\/news\/","title":{"rendered":"NEWS"},"content":{"rendered":"\t\t<div data-elementor-type=\"wp-page\" data-elementor-id=\"9248\" class=\"elementor elementor-9248 elementor-9203\">\n\t\t\t\t\t\t<section class=\"elementor-section elementor-top-section elementor-element elementor-element-1169bef elementor-section-boxed elementor-section-height-default elementor-section-height-default qodef-elementor-content-no qodef-elementor-overlay-no\" data-id=\"1169bef\" data-element_type=\"section\">\n\t\t\t\t\t\t<div class=\"elementor-container elementor-column-gap-default\">\n\t\t\t\t\t<div class=\"elementor-column elementor-col-100 elementor-top-column elementor-element elementor-element-8a7806e\" data-id=\"8a7806e\" data-element_type=\"column\">\n\t\t\t<div class=\"elementor-widget-wrap elementor-element-populated\">\n\t\t\t\t\t\t<div class=\"elementor-element elementor-element-d931d6c elementor-widget elementor-widget-tobel_core_blog_list\" data-id=\"d931d6c\" data-element_type=\"widget\" data-widget_type=\"tobel_core_blog_list.default\">\n\t\t\t\t<div class=\"elementor-widget-container\">\n\t\t\t\t\t<div class=\"qodef-shortcode qodef-m  qodef-blog qodef-item-layout--metro qodef-grid qodef-layout--columns  qodef-gutter--normal qodef-col-num--1  qodef-item-layout--metro qodef--no-bottom-space qodef-pagination--off qodef-responsive--predefined\" data-options=\"{&quot;plugin&quot;:&quot;tobel_core&quot;,&quot;module&quot;:&quot;blog\\\/shortcodes&quot;,&quot;shortcode&quot;:&quot;blog-list&quot;,&quot;post_type&quot;:&quot;post&quot;,&quot;next_page&quot;:&quot;2&quot;,&quot;max_pages_num&quot;:1,&quot;behavior&quot;:&quot;columns&quot;,&quot;images_proportion&quot;:&quot;full&quot;,&quot;columns&quot;:&quot;1&quot;,&quot;columns_responsive&quot;:&quot;predefined&quot;,&quot;space&quot;:&quot;normal&quot;,&quot;posts_per_page&quot;:&quot;9&quot;,&quot;orderby&quot;:&quot;date&quot;,&quot;order&quot;:&quot;DESC&quot;,&quot;layout&quot;:&quot;metro&quot;,&quot;title_tag&quot;:&quot;h2&quot;,&quot;enable_filter&quot;:&quot;no&quot;,&quot;pagination_type&quot;:&quot;no-pagination&quot;,&quot;object_class_name&quot;:&quot;TobelCore_Blog_List_Shortcode&quot;,&quot;taxonomy_filter&quot;:&quot;category&quot;,&quot;space_value&quot;:15}\">\n\t\t<div class=\"qodef-grid-inner clear\">\n\t\t<article class=\"qodef-e qodef-blog-item qodef-grid-item qodef-item--full post-9246 post type-post status-publish format-standard has-post-thumbnail hentry category-admar\">\n\t<div class=\"qodef-e-inner\">\n\t\t\t<div class=\"qodef-e-media-image qodef--background\" style=\"background-image: url( https:\/\/admarscr.pt\/wp-content\/uploads\/2025\/10\/signature_admar.png)\">\n\t\t<img fetchpriority=\"high\" decoding=\"async\" width=\"1920\" height=\"1080\" src=\"https:\/\/admarscr.pt\/wp-content\/uploads\/2025\/10\/signature_admar.png\" class=\"attachment-full size-full wp-post-image\" alt=\"\" srcset=\"https:\/\/admarscr.pt\/wp-content\/uploads\/2025\/10\/signature_admar.png 1920w, https:\/\/admarscr.pt\/wp-content\/uploads\/2025\/10\/signature_admar-300x169.png 300w, https:\/\/admarscr.pt\/wp-content\/uploads\/2025\/10\/signature_admar-1024x576.png 1024w, https:\/\/admarscr.pt\/wp-content\/uploads\/2025\/10\/signature_admar-768x432.png 768w, https:\/\/admarscr.pt\/wp-content\/uploads\/2025\/10\/signature_admar-1536x864.png 1536w\" sizes=\"(max-width: 1920px) 100vw, 1920px\" \/>\t<\/div>\n\t\t<div class=\"qodef-e-content\">\n\t\t\t<div class=\"qodef-e-top-holder\">\n\t\t\t\t<div class=\"qodef-e-info\">\n\t\t\t\t\t<a href=\"https:\/\/admarscr.pt\/en\/category\/admar\/\" rel=\"tag\">ADMAR<\/a><div class=\"qodef-info-separator-end\"><\/div>\t\t\t\t<\/div>\n\t\t\t<\/div>\n\t\t\t<div class=\"qodef-e-text\">\n\t\t\t\t<h2 itemprop=\"name\" class=\"qodef-e-title entry-title\" >\n\t<a itemprop=\"url\" class=\"qodef-e-title-link\" href=\"https:\/\/admarscr.pt\/en\/2025\/10\/03\/admar-adr\/\">\n\t\tAdmar enters into protocol on Alternative Dispute Resolution (ADR)\t<\/a>\n<\/h2>\n\t\t\t<\/div>\n\t\t<\/div>\n\t\t<a itemprop=\"url\" class=\"qodef-e-post-link\" href=\"https:\/\/admarscr.pt\/en\/2025\/10\/03\/admar-adr\/\"><\/a>\t<\/div>\n<\/article>\n\t<\/div>\n\t<\/div>\n\t\t\t\t<\/div>\n\t\t\t\t<\/div>\n\t\t\t\t\t<\/div>\n\t\t<\/div>\n\t\t\t\t\t<\/div>\n\t\t<\/section>\n\t\t\t\t<\/div>\n\t\t","protected":false},"excerpt":{"rendered":"<p>ADMAR Admar assina protocolo de resolu\u00e7\u00e3o alternativa de lit\u00edgios (RAL)<\/p>\n","protected":false},"author":1,"featured_media":0,"parent":0,"menu_order":0,"comment_status":"closed","ping_status":"closed","template":"","meta":{"footnotes":""},"class_list":["post-9248","page","type-page","status-publish","hentry"],"_links":{"self":[{"href":"https:\/\/admarscr.pt\/en\/wp-json\/wp\/v2\/pages\/9248","targetHints":{"allow":["GET"]}}],"collection":[{"href":"https:\/\/admarscr.pt\/en\/wp-json\/wp\/v2\/pages"}],"about":[{"href":"https:\/\/admarscr.pt\/en\/wp-json\/wp\/v2\/types\/page"}],"author":[{"embeddable":true,"href":"https:\/\/admarscr.pt\/en\/wp-json\/wp\/v2\/users\/1"}],"replies":[{"embeddable":true,"href":"https:\/\/admarscr.pt\/en\/wp-json\/wp\/v2\/comments?post=9248"}],"version-history":[{"count":1,"href":"https:\/\/admarscr.pt\/en\/wp-json\/wp\/v2\/pages\/9248\/revisions"}],"predecessor-version":[{"id":9249,"href":"https:\/\/admarscr.pt\/en\/wp-json\/wp\/v2\/pages\/9248\/revisions\/9249"}],"wp:attachment":[{"href":"https:\/\/admarscr.pt\/en\/wp-json\/wp\/v2\/media?parent=9248"}],"curies":[{"name":"wp","href":"https:\/\/api.w.org\/{rel}","templated":true}]}}